{"id":657,"date":"2025-12-15T09:31:16","date_gmt":"2025-12-15T09:31:16","guid":{"rendered":"https:\/\/somhabitatge.com\/?page_id=657"},"modified":"2026-02-13T15:06:43","modified_gmt":"2026-02-13T15:06:43","slug":"noticies-premsa-habitatge","status":"publish","type":"page","link":"https:\/\/somhabitatge.com\/es\/noticies-premsa-habitatge\/","title":{"rendered":"Noticias | Som Habitatge"},"content":{"rendered":"<div class=\"wp-block-group alignwide is-nowrap is-layout-flex wp-container-core-group-is-layout-6c531013 wp-block-group-is-layout-flex\">\n<div class=\"wp-block-columns is-layout-flex wp-container-core-columns-is-layout-28f84493 wp-block-columns-is-layout-flex\">\n<div class=\"wp-block-column is-layout-flow wp-block-column-is-layout-flow\" style=\"flex-basis:100%\"><\/div>\n<\/div>\n<\/div>\n\n\n\n<div class=\"wp-block-group alignfull has-tertiary-background-color has-background has-global-padding is-layout-constrained wp-container-core-group-is-layout-7276a2bb wp-block-group-is-layout-constrained\" style=\"margin-top:0;margin-bottom:0;padding-top:var(--wp--preset--spacing--60);padding-right:var(--wp--preset--spacing--30);padding-bottom:var(--wp--preset--spacing--60);padding-left:var(--wp--preset--spacing--30)\">\n<div class=\"wp-block-group is-vertical is-layout-flex wp-container-core-group-is-layout-fe9cc265 wp-block-group-is-layout-flex\">\n<div class=\"wp-block-group has-global-padding is-layout-constrained wp-block-group-is-layout-constrained\">\n<h2 class=\"wp-block-heading has-text-align-center has-large-font-size\"><strong>Actualidad del sector de la vivienda<\/strong><\/h2>\n\n\n\n<p class=\"has-text-align-center\" style=\"margin-top:16px\">Las \u00faltimas noticias, posicionamientos e iniciativas de Som Habitatge sobre la evoluci\u00f3n del mercado inmobiliario.<\/p>\n\n\n\n<p><\/p>\n<\/div>\n<\/div>\n\n\n\n<div class=\"wp-block-columns alignwide is-layout-flex wp-container-core-columns-is-layout-a88a3fd8 wp-block-columns-is-layout-flex\">\n<div class=\"wp-block-column is-layout-flow wp-block-column-is-layout-flow\"><\/div>\n\n\n\n<div class=\"wp-block-column is-layout-flow wp-block-column-is-layout-flow\">\n<figure class=\"wp-block-image size-large\"><img loading=\"lazy\" decoding=\"async\" width=\"1024\" height=\"683\" src=\"https:\/\/somhabitatge.com\/wp-content\/uploads\/2026\/02\/image-6-1024x683.png\" alt=\"\" class=\"wp-image-755\" srcset=\"https:\/\/somhabitatge.com\/wp-content\/uploads\/2026\/02\/image-6-1024x683.png 1024w, https:\/\/somhabitatge.com\/wp-content\/uploads\/2026\/02\/image-6-300x200.png 300w, https:\/\/somhabitatge.com\/wp-content\/uploads\/2026\/02\/image-6-768x512.png 768w, https:\/\/somhabitatge.com\/wp-content\/uploads\/2026\/02\/image-6-18x12.png 18w, https:\/\/somhabitatge.com\/wp-content\/uploads\/2026\/02\/image-6.png 1125w\" sizes=\"auto, (max-width: 1024px) 100vw, 1024px\" \/><\/figure>\n\n\n\n<p style=\"font-size:clamp(14px, 0.875rem + ((1vw - 3.2px) * 0.625), 20px);\"><strong>Som Habitatge celebra la \u201ccoherencia\u201d de Junts, PP y Vox al rechazar el decreto \u00f3mnibus del Gobierno.<\/strong><\/p>\n\n\n\n<p style=\"font-size:clamp(14px, 0.875rem + ((1vw - 3.2px) * 0.417), 18px);\">27 Enero 2026<\/p>\n\n\n\n<p class=\"has-small-font-size\">Som Habitatge ha celebrado la decisi\u00f3n del PP, Vox y Junts de rechazar el decreto \u00f3mnibus del Gobierno en el Congreso, que inclu\u00eda la suspensi\u00f3n de los desahucios en casos de vulnerabilidad.<\/p>\n\n\n\n<div class=\"wp-block-buttons is-layout-flex wp-block-buttons-is-layout-flex\">\n<div class=\"wp-block-button\"><a class=\"wp-block-button__link has-small-font-size has-custom-font-size wp-element-button\" href=\"https:\/\/www.europapress.es\/catalunya\/noticia-som-habitatge-celebra-coherencia-junts-pp-vox-rechazar-decreto-omnibus-gobierno-20260127205006.html\">Leer m\u00e1s<\/a><\/div>\n<\/div>\n<\/div>\n\n\n\n<div class=\"wp-block-column is-layout-flow wp-block-column-is-layout-flow\">\n<figure class=\"wp-block-image size-large ext-aspect-landscape extendify-image-import\"><img loading=\"lazy\" decoding=\"async\" width=\"1024\" height=\"683\" src=\"https:\/\/somhabitatge.com\/wp-content\/uploads\/2026\/01\/pexels-jan-van-der-wolf-11680885-11720395-1024x683.jpg\" alt=\"\" class=\"wp-image-701\" style=\"aspect-ratio:4\/3;object-fit:cover\" srcset=\"https:\/\/somhabitatge.com\/wp-content\/uploads\/2026\/01\/pexels-jan-van-der-wolf-11680885-11720395-1024x683.jpg 1024w, https:\/\/somhabitatge.com\/wp-content\/uploads\/2026\/01\/pexels-jan-van-der-wolf-11680885-11720395-300x200.jpg 300w, https:\/\/somhabitatge.com\/wp-content\/uploads\/2026\/01\/pexels-jan-van-der-wolf-11680885-11720395-768x512.jpg 768w, https:\/\/somhabitatge.com\/wp-content\/uploads\/2026\/01\/pexels-jan-van-der-wolf-11680885-11720395-1536x1024.jpg 1536w, https:\/\/somhabitatge.com\/wp-content\/uploads\/2026\/01\/pexels-jan-van-der-wolf-11680885-11720395-2048x1365.jpg 2048w, https:\/\/somhabitatge.com\/wp-content\/uploads\/2026\/01\/pexels-jan-van-der-wolf-11680885-11720395-18x12.jpg 18w\" sizes=\"auto, (max-width: 1024px) 100vw, 1024px\" \/><\/figure>\n\n\n\n<h3 class=\"wp-block-heading\" style=\"margin-top:24px;font-size:clamp(14px, 0.875rem + ((1vw - 3.2px) * 0.625), 20px);line-height:1.5\">Manual de supervivencia en el mercado inmobiliario<\/h3>\n\n\n\n<p style=\"font-size:clamp(14px, 0.875rem + ((1vw - 3.2px) * 0.417), 18px);\">5 Enero 2026<\/p>\n\n\n\n<p class=\"has-small-font-size\" style=\"margin-top:8px\">Som Habitatge advierte que el colapso del mercado del alquiler empeorar\u00e1 en 2026 y provocar\u00e1 un aumento de los precios de compraventa. La entidad reclama medidas urgentes como rehabilitaciones, cambios de uso y m\u00e1s vivienda social.<\/p>\n\n\n\n<div class=\"wp-block-buttons is-layout-flex wp-block-buttons-is-layout-flex\">\n<div class=\"wp-block-button\"><a class=\"wp-block-button__link has-small-font-size has-custom-font-size wp-element-button\" href=\"https:\/\/www.elperiodico.cat\/ca\/barcelona\/20260105\/manual-supervivencia-mercat-immobiliari-125374484\" target=\"_blank\" rel=\"noreferrer noopener\">Leer m\u00e1s<\/a><\/div>\n<\/div>\n<\/div>\n<\/div>\n\n\n\n<div class=\"wp-block-columns alignwide is-layout-flex wp-container-core-columns-is-layout-a88a3fd8 wp-block-columns-is-layout-flex\">\n<div class=\"wp-block-column is-layout-flow wp-block-column-is-layout-flow\">\n<figure class=\"wp-block-image size-large ext-aspect-landscape extendify-image-import\"><img loading=\"lazy\" decoding=\"async\" width=\"1024\" height=\"683\" src=\"https:\/\/somhabitatge.com\/wp-content\/uploads\/2025\/12\/pexels-diana-nguyen-2046174056-32542566-1-1024x683.jpg\" alt=\"\" class=\"wp-image-667\" style=\"aspect-ratio:4\/3;object-fit:cover\" srcset=\"https:\/\/somhabitatge.com\/wp-content\/uploads\/2025\/12\/pexels-diana-nguyen-2046174056-32542566-1-1024x683.jpg 1024w, https:\/\/somhabitatge.com\/wp-content\/uploads\/2025\/12\/pexels-diana-nguyen-2046174056-32542566-1-300x200.jpg 300w, https:\/\/somhabitatge.com\/wp-content\/uploads\/2025\/12\/pexels-diana-nguyen-2046174056-32542566-1-768x512.jpg 768w, https:\/\/somhabitatge.com\/wp-content\/uploads\/2025\/12\/pexels-diana-nguyen-2046174056-32542566-1-1536x1024.jpg 1536w, https:\/\/somhabitatge.com\/wp-content\/uploads\/2025\/12\/pexels-diana-nguyen-2046174056-32542566-1-2048x1365.jpg 2048w, https:\/\/somhabitatge.com\/wp-content\/uploads\/2025\/12\/pexels-diana-nguyen-2046174056-32542566-1-18x12.jpg 18w\" sizes=\"auto, (max-width: 1024px) 100vw, 1024px\" \/><\/figure>\n\n\n\n<h3 class=\"wp-block-heading\" style=\"margin-top:24px;font-size:clamp(14px, 0.875rem + ((1vw - 3.2px) * 0.625), 20px);line-height:1.5\">Som Habitatge elaborar\u00e1 un proyecto de ley sobre el alquiler de temporada para generar un marco eficaz, estable y riguroso que evite la eliminaci\u00f3n de este mercado<\/h3>\n\n\n\n<p>26 Noviembre 2025<\/p>\n\n\n\n<p class=\"has-small-font-size\" style=\"margin-top:8px\">La uni\u00f3n de propietarios celebra la decisi\u00f3n de Junts de plantarse en materia de vivienda en el Congreso e insta a los partidos pol\u00edticos a dejar de buscar soluciones milagrosas.<\/p>\n\n\n\n<div class=\"wp-block-buttons is-layout-flex wp-block-buttons-is-layout-flex\">\n<div class=\"wp-block-button\"><a class=\"wp-block-button__link has-small-font-size has-custom-font-size wp-element-button\" href=\"https:\/\/drive.google.com\/file\/d\/1Tgc2_WhubDEvnx7X-P783JbuLS2D07jV\/view\" target=\"_blank\" rel=\"noreferrer noopener\">Leer m\u00e1s<\/a><\/div>\n<\/div>\n<\/div>\n\n\n\n<div class=\"wp-block-column is-layout-flow wp-block-column-is-layout-flow\">\n<figure class=\"wp-block-image size-large ext-aspect-landscape extendify-image-import\"><img loading=\"lazy\" decoding=\"async\" width=\"1024\" height=\"683\" src=\"https:\/\/somhabitatge.com\/wp-content\/uploads\/2026\/01\/pexels-rdne-7841478-1024x683.jpg\" alt=\"\" class=\"wp-image-698\" style=\"aspect-ratio:4\/3;object-fit:cover\" srcset=\"https:\/\/somhabitatge.com\/wp-content\/uploads\/2026\/01\/pexels-rdne-7841478-1024x683.jpg 1024w, https:\/\/somhabitatge.com\/wp-content\/uploads\/2026\/01\/pexels-rdne-7841478-300x200.jpg 300w, https:\/\/somhabitatge.com\/wp-content\/uploads\/2026\/01\/pexels-rdne-7841478-768x512.jpg 768w, https:\/\/somhabitatge.com\/wp-content\/uploads\/2026\/01\/pexels-rdne-7841478-1536x1024.jpg 1536w, https:\/\/somhabitatge.com\/wp-content\/uploads\/2026\/01\/pexels-rdne-7841478-2048x1365.jpg 2048w, https:\/\/somhabitatge.com\/wp-content\/uploads\/2026\/01\/pexels-rdne-7841478-18x12.jpg 18w\" sizes=\"auto, (max-width: 1024px) 100vw, 1024px\" \/><\/figure>\n\n\n\n<h3 class=\"wp-block-heading\" style=\"margin-top:24px;font-size:clamp(14px, 0.875rem + ((1vw - 3.2px) * 0.625), 20px);line-height:1.5\">Propondr\u00e1n cambios legales para fomentar el alquiler de temporada<\/h3>\n\n\n\n<p><\/p>\n\n\n\n<p>26 Noviembre 2025<\/p>\n\n\n\n<p class=\"has-small-font-size\" style=\"margin-top:8px\">Som Habitatge, la Uni\u00f3n de Propietarios de Catalu\u00f1a, critica las pol\u00edticas de vivienda del Parlamento y el Congreso.<\/p>\n\n\n\n<div class=\"wp-block-buttons is-layout-flex wp-block-buttons-is-layout-flex\">\n<div class=\"wp-block-button\"><a class=\"wp-block-button__link has-small-font-size has-custom-font-size wp-element-button\" href=\"https:\/\/www.elpuntavui.cat\/societat\/article\/5-societat\/2599410-proposaran-canvis-legals-perque-hi-hagi-mes-lloguer-de-temporada.html\" target=\"_blank\" rel=\"noreferrer noopener\">Leer m\u00e1s<\/a><\/div>\n<\/div>\n<\/div>\n\n\n\n<div class=\"wp-block-column is-layout-flow wp-block-column-is-layout-flow\">\n<figure class=\"wp-block-image size-large ext-aspect-landscape extendify-image-import\"><img loading=\"lazy\" decoding=\"async\" width=\"1024\" height=\"683\" src=\"https:\/\/somhabitatge.com\/wp-content\/uploads\/2026\/01\/pexels-joaquin-carfagna-3131171-16753348-1024x683.jpg\" alt=\"\" class=\"wp-image-697\" style=\"aspect-ratio:4\/3;object-fit:cover\" srcset=\"https:\/\/somhabitatge.com\/wp-content\/uploads\/2026\/01\/pexels-joaquin-carfagna-3131171-16753348-1024x683.jpg 1024w, https:\/\/somhabitatge.com\/wp-content\/uploads\/2026\/01\/pexels-joaquin-carfagna-3131171-16753348-300x200.jpg 300w, https:\/\/somhabitatge.com\/wp-content\/uploads\/2026\/01\/pexels-joaquin-carfagna-3131171-16753348-768x512.jpg 768w, https:\/\/somhabitatge.com\/wp-content\/uploads\/2026\/01\/pexels-joaquin-carfagna-3131171-16753348-1536x1024.jpg 1536w, https:\/\/somhabitatge.com\/wp-content\/uploads\/2026\/01\/pexels-joaquin-carfagna-3131171-16753348-2048x1365.jpg 2048w, https:\/\/somhabitatge.com\/wp-content\/uploads\/2026\/01\/pexels-joaquin-carfagna-3131171-16753348-18x12.jpg 18w\" sizes=\"auto, (max-width: 1024px) 100vw, 1024px\" \/><\/figure>\n\n\n\n<h3 class=\"wp-block-heading\" style=\"margin-top:24px;font-size:clamp(14px, 0.875rem + ((1vw - 3.2px) * 0.625), 20px);line-height:1.5\">\"Hay un grave problema de acceso a la vivienda. Estamos cerca de un colapso\"<\/h3>\n\n\n\n<p>3 Noviembre 2025<\/p>\n\n\n\n<p class=\"has-small-font-size\" style=\"margin-top:8px\">Montserrat Junyent, presidenta del Colegio Oficial de Agentes de la Propiedad Inmobiliaria de Barcelona y de la Asociaci\u00f3n de Agentes Inmobiliarios de Catalu\u00f1a.<\/p>\n\n\n\n<div class=\"wp-block-buttons is-layout-flex wp-block-buttons-is-layout-flex\">\n<div class=\"wp-block-button\"><a class=\"wp-block-button__link has-small-font-size has-custom-font-size wp-element-button\" href=\"https:\/\/beteve.cat\/economia\/api-estem-prop-colapse-gent-no-podra-tenir-sostre\/\" target=\"_blank\" rel=\"noreferrer noopener\">Leer m\u00e1s<\/a><\/div>\n<\/div>\n<\/div>\n<\/div>\n\n\n\n<div class=\"wp-block-columns alignwide is-layout-flex wp-container-core-columns-is-layout-a88a3fd8 wp-block-columns-is-layout-flex\">\n<div class=\"wp-block-column is-layout-flow wp-block-column-is-layout-flow\">\n<figure class=\"wp-block-image size-large ext-aspect-landscape extendify-image-import\"><img loading=\"lazy\" decoding=\"async\" width=\"1024\" height=\"683\" src=\"https:\/\/somhabitatge.com\/wp-content\/uploads\/2025\/12\/pexels-christianbuergi-9480877-1024x683.jpg\" alt=\"\" class=\"wp-image-668\" style=\"aspect-ratio:4\/3;object-fit:cover\" srcset=\"https:\/\/somhabitatge.com\/wp-content\/uploads\/2025\/12\/pexels-christianbuergi-9480877-1024x683.jpg 1024w, https:\/\/somhabitatge.com\/wp-content\/uploads\/2025\/12\/pexels-christianbuergi-9480877-300x200.jpg 300w, https:\/\/somhabitatge.com\/wp-content\/uploads\/2025\/12\/pexels-christianbuergi-9480877-768x512.jpg 768w, https:\/\/somhabitatge.com\/wp-content\/uploads\/2025\/12\/pexels-christianbuergi-9480877-1536x1024.jpg 1536w, https:\/\/somhabitatge.com\/wp-content\/uploads\/2025\/12\/pexels-christianbuergi-9480877-2048x1365.jpg 2048w, https:\/\/somhabitatge.com\/wp-content\/uploads\/2025\/12\/pexels-christianbuergi-9480877-18x12.jpg 18w\" sizes=\"auto, (max-width: 1024px) 100vw, 1024px\" \/><\/figure>\n\n\n\n<h3 class=\"wp-block-heading\" style=\"margin-top:24px;font-size:clamp(14px, 0.875rem + ((1vw - 3.2px) * 0.625), 20px);line-height:1.5\">La uni\u00f3n de propietarios se suma a la petici\u00f3n de un gran pacto de pa\u00eds por la vivienda que tenga<br>consenso y que sea estable en el tiempo<\/h3>\n\n\n\n<p>31 Octubre 2025<\/p>\n\n\n\n<p class=\"has-small-font-size\" style=\"margin-top:8px\">Som Habitatge advierte que las constantes modificaciones legislativas provocan una gran<br>incertidumbre jur\u00eddica y reducir\u00e1n a\u00fan m\u00e1s el mercado de viviendas de alquiler.<\/p>\n\n\n\n<div class=\"wp-block-buttons is-layout-flex wp-block-buttons-is-layout-flex\">\n<div class=\"wp-block-button\"><a class=\"wp-block-button__link has-small-font-size has-custom-font-size wp-element-button\" href=\"https:\/\/mcusercontent.com\/a0d791e48634495786ebf7aeb\/files\/813a5ff7-90ef-aadb-c5eb-2017fdc26372\/251031_Nota_de_premsa_SH_1_.pdf\" target=\"_blank\" rel=\"noreferrer noopener\">Leer m\u00e1s<\/a><\/div>\n<\/div>\n<\/div>\n\n\n\n<div class=\"wp-block-column is-layout-flow wp-block-column-is-layout-flow\">\n<figure class=\"wp-block-image size-large ext-aspect-landscape extendify-image-import\"><img loading=\"lazy\" decoding=\"async\" width=\"1024\" height=\"683\" src=\"https:\/\/somhabitatge.com\/wp-content\/uploads\/2025\/12\/pexels-jokassis-5006026-1024x683.jpg\" alt=\"\" class=\"wp-image-669\" style=\"aspect-ratio:4\/3;object-fit:cover\" srcset=\"https:\/\/somhabitatge.com\/wp-content\/uploads\/2025\/12\/pexels-jokassis-5006026-1024x683.jpg 1024w, https:\/\/somhabitatge.com\/wp-content\/uploads\/2025\/12\/pexels-jokassis-5006026-300x200.jpg 300w, https:\/\/somhabitatge.com\/wp-content\/uploads\/2025\/12\/pexels-jokassis-5006026-768x512.jpg 768w, https:\/\/somhabitatge.com\/wp-content\/uploads\/2025\/12\/pexels-jokassis-5006026-1536x1024.jpg 1536w, https:\/\/somhabitatge.com\/wp-content\/uploads\/2025\/12\/pexels-jokassis-5006026-2048x1365.jpg 2048w, https:\/\/somhabitatge.com\/wp-content\/uploads\/2025\/12\/pexels-jokassis-5006026-18x12.jpg 18w\" sizes=\"auto, (max-width: 1024px) 100vw, 1024px\" \/><\/figure>\n\n\n\n<h3 class=\"wp-block-heading\" style=\"margin-top:24px;font-size:clamp(14px, 0.875rem + ((1vw - 3.2px) * 0.625), 20px);line-height:1.5\">El Gobierno incluye a Som Habitatge como miembro nato del nuevo Consejo Asesor de la Vivienda<\/h3>\n\n\n\n<p>21 Octubre 2025<\/p>\n\n\n\n<p class=\"has-small-font-size\" style=\"margin-top:8px\">El Consejo Ejecutivo de la Generalitat de Catalu\u00f1a ha acordado incluir a Som Habitatge dentro del Consejo Asesor de la Vivienda, un organismo de nueva creaci\u00f3n. Esta decisi\u00f3n supone un reconocimiento expl\u00edcito por parte del Gobierno del papel que representa nuestra asociaci\u00f3n.<\/p>\n\n\n\n<div class=\"wp-block-buttons is-layout-flex wp-block-buttons-is-layout-flex\">\n<div class=\"wp-block-button\"><a class=\"wp-block-button__link has-small-font-size has-custom-font-size wp-element-button\" href=\"https:\/\/govern.cat\/salapremsa\/\" target=\"_blank\" rel=\"noreferrer noopener\">Leer m\u00e1s<\/a><\/div>\n<\/div>\n<\/div>\n\n\n\n<div class=\"wp-block-column is-layout-flow wp-block-column-is-layout-flow\">\n<figure class=\"wp-block-image size-large ext-aspect-landscape extendify-image-import\"><img loading=\"lazy\" decoding=\"async\" width=\"1024\" height=\"684\" src=\"https:\/\/somhabitatge.com\/wp-content\/uploads\/2026\/01\/pexels-mikhail-nilov-8730998-1024x684.jpg\" alt=\"\" class=\"wp-image-696\" style=\"aspect-ratio:4\/3;object-fit:cover\" srcset=\"https:\/\/somhabitatge.com\/wp-content\/uploads\/2026\/01\/pexels-mikhail-nilov-8730998-1024x684.jpg 1024w, https:\/\/somhabitatge.com\/wp-content\/uploads\/2026\/01\/pexels-mikhail-nilov-8730998-300x200.jpg 300w, https:\/\/somhabitatge.com\/wp-content\/uploads\/2026\/01\/pexels-mikhail-nilov-8730998-768x513.jpg 768w, https:\/\/somhabitatge.com\/wp-content\/uploads\/2026\/01\/pexels-mikhail-nilov-8730998-1536x1025.jpg 1536w, https:\/\/somhabitatge.com\/wp-content\/uploads\/2026\/01\/pexels-mikhail-nilov-8730998-2048x1367.jpg 2048w, https:\/\/somhabitatge.com\/wp-content\/uploads\/2026\/01\/pexels-mikhail-nilov-8730998-18x12.jpg 18w\" sizes=\"auto, (max-width: 1024px) 100vw, 1024px\" \/><\/figure>\n\n\n\n<h3 class=\"wp-block-heading\" style=\"margin-top:24px;font-size:clamp(14px, 0.875rem + ((1vw - 3.2px) * 0.625), 20px);line-height:1.5\">\"Los alquileres de viviendas son caros porque falta oferta y faltar\u00e1 a\u00fan m\u00e1s\"<\/h3>\n\n\n\n<p>13 Octubre 2025<\/p>\n\n\n\n<p class=\"has-small-font-size\" style=\"margin-top:8px\">Entrevista a N\u00faria Garrido, presidenta de Som Habitatge, en el diario El Punt Avui.<\/p>\n\n\n\n<div class=\"wp-block-buttons is-layout-flex wp-block-buttons-is-layout-flex\">\n<div class=\"wp-block-button\"><a class=\"wp-block-button__link has-small-font-size has-custom-font-size wp-element-button\" href=\"https:\/\/www.elpuntavui.cat\/societat\/article\/5-societat\/2583302-els-lloguers-de-pisos-son-cars-perque-falta-oferta-i-en-faltara-mes.html\" target=\"_blank\" rel=\"noreferrer noopener\">Leer m\u00e1s<\/a><\/div>\n<\/div>\n<\/div>\n<\/div>\n\n\n\n<hr class=\"wp-block-separator has-alpha-channel-opacity\"\/>\n<\/div>\n\n\n\n<div class=\"wp-block-group alignfull has-background-background-color has-background has-global-padding is-layout-constrained wp-container-core-group-is-layout-7276a2bb wp-block-group-is-layout-constrained\" style=\"margin-top:0;margin-bottom:0;padding-top:var(--wp--preset--spacing--60);padding-right:var(--wp--preset--spacing--30);padding-bottom:var(--wp--preset--spacing--60);padding-left:var(--wp--preset--spacing--30)\">\n<div class=\"wp-block-columns alignwide has-tertiary-background-color has-background is-layout-flex wp-container-core-columns-is-layout-7c9548a8 wp-block-columns-is-layout-flex\" style=\"padding-top:0;padding-right:0;padding-bottom:0;padding-left:0\">\n<div class=\"wp-block-column is-vertically-aligned-stretch is-layout-flow wp-block-column-is-layout-flow\" style=\"flex-basis:40%\">\n<div class=\"wp-block-cover extendify-image-import\" style=\"min-height:100%;aspect-ratio:unset;\"><img loading=\"lazy\" decoding=\"async\" width=\"1024\" height=\"768\" class=\"wp-block-cover__image-background wp-image-672 size-large\" alt=\"\" src=\"https:\/\/somhabitatge.com\/wp-content\/uploads\/2025\/12\/G2wNg9QXkAACkud-1024x768.jpg\" data-object-fit=\"cover\" srcset=\"https:\/\/somhabitatge.com\/wp-content\/uploads\/2025\/12\/G2wNg9QXkAACkud-1024x768.jpg 1024w, https:\/\/somhabitatge.com\/wp-content\/uploads\/2025\/12\/G2wNg9QXkAACkud-300x225.jpg 300w, https:\/\/somhabitatge.com\/wp-content\/uploads\/2025\/12\/G2wNg9QXkAACkud-768x576.jpg 768w, https:\/\/somhabitatge.com\/wp-content\/uploads\/2025\/12\/G2wNg9QXkAACkud-1536x1152.jpg 1536w, https:\/\/somhabitatge.com\/wp-content\/uploads\/2025\/12\/G2wNg9QXkAACkud-16x12.jpg 16w, https:\/\/somhabitatge.com\/wp-content\/uploads\/2025\/12\/G2wNg9QXkAACkud.jpg 1600w\" sizes=\"auto, (max-width: 1024px) 100vw, 1024px\" \/><span aria-hidden=\"true\" class=\"wp-block-cover__background has-background-dim-0 has-background-dim\" style=\"background-color:#877b6c\"><\/span><div class=\"wp-block-cover__inner-container is-layout-flow wp-block-cover-is-layout-flow\">\n<div style=\"height:240px\" aria-hidden=\"true\" class=\"wp-block-spacer\"><\/div>\n<\/div><\/div>\n<\/div>\n\n\n\n<div class=\"wp-block-column is-vertically-aligned-center is-layout-flow wp-block-column-is-layout-flow\">\n<div class=\"wp-block-group has-global-padding is-layout-constrained wp-container-core-group-is-layout-301020a0 wp-block-group-is-layout-constrained\" style=\"padding-top:var(--wp--preset--spacing--50);padding-right:var(--wp--preset--spacing--50);padding-bottom:var(--wp--preset--spacing--50);padding-left:var(--wp--preset--spacing--50)\">\n<h2 class=\"wp-block-heading has-large-font-size\"><strong>Presentaci\u00f3n de la Asociaci\u00f3n Som Habitatge en Girona<\/strong><\/h2>\n\n\n\n<p style=\"margin-top:16px\"><strong>El mi\u00e9rcoles 8 de octubre, Som Habitatge present\u00f3 la asociaci\u00f3n en el Colegio de API de Girona.<\/strong><\/p>\n\n\n\n<p style=\"margin-top:16px\">Durante la presentaci\u00f3n se abordaron temas como la situaci\u00f3n jur\u00eddica en la que se encuentra el sector de la vivienda, las acciones que, como asociaci\u00f3n, llevamos a cabo y las l\u00edneas de actuaci\u00f3n a seguir.<\/p>\n\n\n\n<div class=\"wp-block-buttons is-content-justification-left is-layout-flex wp-container-core-buttons-is-layout-ec155617 wp-block-buttons-is-layout-flex\" style=\"margin-top:var(--wp--preset--spacing--40)\">\n<div class=\"wp-block-button\"><a class=\"wp-block-button__link wp-element-button\" href=\"https:\/\/x.com\/SomHabitatge\" target=\"_blank\" rel=\"noreferrer noopener\">S\u00edguenos en Twitter (X)<\/a><\/div>\n<\/div>\n<\/div>\n<\/div>\n<\/div>\n<\/div>","protected":false},"excerpt":{"rendered":"<p>Actualitat del sector de l\u2019habitatge Les darreres not\u00edcies, posicionaments i iniciatives de Som Habitatge sobre l\u2019evoluci\u00f3 del mercat immobiliari. Som Habitatge celebra la \u201ccoher\u00e8ncia\u201d de Junts, PP i Vox en rebutjar el decret \u00f2mnibus del Govern 27 Gener 2026 Som Habitatge ha celebrat la decisi\u00f3 del PP, Vox i Junts de rebutjar el decret \u00f2mnibus [&hellip;]<\/p>\n","protected":false},"author":1,"featured_media":0,"parent":0,"menu_order":0,"comment_status":"closed","ping_status":"closed","template":"page-with-title","meta":{"footnotes":""},"class_list":["post-657","page","type-page","status-publish","hentry"],"aioseo_notices":[],"_links":{"self":[{"href":"https:\/\/somhabitatge.com\/es\/wp-json\/wp\/v2\/pages\/657","targetHints":{"allow":["GET"]}}],"collection":[{"href":"https:\/\/somhabitatge.com\/es\/wp-json\/wp\/v2\/pages"}],"about":[{"href":"https:\/\/somhabitatge.com\/es\/wp-json\/wp\/v2\/types\/page"}],"author":[{"embeddable":true,"href":"https:\/\/somhabitatge.com\/es\/wp-json\/wp\/v2\/users\/1"}],"replies":[{"embeddable":true,"href":"https:\/\/somhabitatge.com\/es\/wp-json\/wp\/v2\/comments?post=657"}],"version-history":[{"count":5,"href":"https:\/\/somhabitatge.com\/es\/wp-json\/wp\/v2\/pages\/657\/revisions"}],"predecessor-version":[{"id":779,"href":"https:\/\/somhabitatge.com\/es\/wp-json\/wp\/v2\/pages\/657\/revisions\/779"}],"wp:attachment":[{"href":"https:\/\/somhabitatge.com\/es\/wp-json\/wp\/v2\/media?parent=657"}],"curies":[{"name":"wp","href":"https:\/\/api.w.org\/{rel}","templated":true}]}}