{"id":586,"date":"2025-05-16T13:04:51","date_gmt":"2025-05-16T13:04:51","guid":{"rendered":"https:\/\/somhabitatge.com\/?page_id=586"},"modified":"2025-05-16T14:21:08","modified_gmt":"2025-05-16T14:21:08","slug":"politica-de-cookies","status":"publish","type":"page","link":"https:\/\/somhabitatge.com\/en\/politica-de-cookies\/","title":{"rendered":"Cookie Policy"},"content":{"rendered":"<h2 class=\"wp-block-heading has-secondary-color has-text-color has-link-color wp-elements-4557e8d68bdbcc332b41d641dbd41985\">Cookie Policy<\/h2>\n\n\n\n<h2 class=\"wp-block-heading has-text-align-center has-secondary-color has-text-color has-link-color has-large-font-size wp-elements-86144b3439c924b4802cc51398485fd6\">Types of Data Processed \/ Links to Other Websites<\/h2>\n\n\n\n<div class=\"wp-block-group has-global-padding is-layout-constrained wp-block-group-is-layout-constrained\" style=\"border-bottom-color:var(--wp--preset--color--tertiary);border-bottom-width:1px;margin-top:0;padding-top:var(--wp--preset--spacing--30);padding-bottom:var(--wp--preset--spacing--30)\">\n<p class=\"has-small-font-size\" style=\"margin-top:12px\">The website of <strong>SOM HABITATGE \u2013 UNI\u00d3 DE PROPIETARIS DE CATALUNYA<\/strong> respects your privacy. Through <a class=\"\" href=\"https:\/\/somhabitatge.org\">https:\/\/somhabitatge.com<\/a> no personal data is collected or processed except for that obtained through contact forms and cookies, as explained in this policy. This website may contain links to third-party websites or social media platforms. By clicking on these links, please note that such websites have their own privacy and cookie policies. We therefore recommend that you review them carefully before using those sites.<\/p>\n\n\n\n<p class=\"has-small-font-size\" style=\"margin-top:12px\">This website may contain links to third-party websites or social media platforms. By clicking on these links, please note that such websites have their own privacy and cookie policies. We therefore recommend that you review them carefully before using those sites.<\/p>\n\n\n\n<p class=\"has-small-font-size\" style=\"margin-top:12px\"><strong>SOM HABITATGE<\/strong> assumes no responsibility for third-party websites linked from this site.<\/p>\n\n\n\n<h3 class=\"wp-block-heading has-secondary-color has-text-color has-link-color has-medium-font-size wp-elements-b67036a71538f2c4b17933439c6290cb\"><strong>Why Do We Use This Information?<\/strong><\/h3>\n\n\n\n<p class=\"has-small-font-size\" style=\"margin-top:12px\">The information collected is used in an aggregate form to improve the management of this website, analyse trends, and obtain demographic insights about our users. This data may be used in marketing, advertising, and communication services to enhance user experience and present special offers, statistical studies, and more attractive services.<\/p>\n\n\n\n<p class=\"has-small-font-size\" style=\"margin-top:12px\">When non-personal information is combined with personal data, the resulting set will be treated as personal data following current regulations.<\/p>\n\n\n\n<h4 class=\"wp-block-heading has-secondary-color has-text-color has-link-color has-medium-font-size wp-elements-d5c1910286db56e5844cab31beb0cf7d\"><strong>What Is a Cookie?<\/strong><\/h4>\n\n\n\n<p class=\"has-small-font-size\" style=\"margin-top:12px\">A cookie is a small file that is downloaded to your device when you access certain web pages. Cookies allow our website to store and retrieve information about your browsing habits or your device, and remember your preferences to personalise and enhance your experience on future visits.<\/p>\n\n\n\n<h4 class=\"wp-block-heading has-secondary-color has-text-color has-link-color has-medium-font-size wp-elements-c1d7043038abce892f5360783b1e32e4\"><strong>What Types of Cookies Does This Website Use? <\/strong><\/h4>\n\n\n\n<p class=\"has-small-font-size\" style=\"margin-top:12px\">Per the cookie notice displayed at the bottom of the website, by continuing to browse, you expressly accept the use of cookies as described below, unless you have modified your browser settings to reject them.<\/p>\n\n\n\n<p class=\"has-small-font-size\" style=\"margin-top:12px\">The user may take the following actions regarding cookies:<\/p>\n\n\n\n<ul style=\"margin-top:12px\" class=\"wp-block-list has-small-font-size\">\n<li><strong>Accept Cookies:<\/strong> The cookie notice will not appear again during the current session.<\/li>\n\n\n\n<li><strong>Close:<\/strong> The notice will be hidden on the current page.<\/li>\n<\/ul>\n\n\n\n<p class=\"has-small-font-size\" style=\"margin-top:12px\">The cookies used on this website may include:<\/p>\n\n\n\n<ul style=\"margin-top:12px\" class=\"wp-block-list has-small-font-size\">\n<li><strong>Technical and Customisation Cookies:<\/strong> These are essential for browsing and the basic functioning of the website, such as keeping the session active or remembering language preferences. Disabling these cookies may affect the proper display or operation of the site.<\/li>\n\n\n\n<li><strong>Analytical Cookies:<\/strong> These allow us (or third parties) to analyse user behaviour to improve the website. If disabled, the site will still function, but valuable information to optimise services may be lost.<\/li>\n\n\n\n<li><strong>External Social Media Cookies:<\/strong> These facilitate interaction with external social media platforms directly from our website.<\/li>\n\n\n\n<li><strong>Persistent Cookies:<\/strong> These are stored on the user\u2019s device for a defined period and are used, for example, to enable shopping or registration services.<\/li>\n<\/ul>\n\n\n\n<h4 class=\"wp-block-heading has-secondary-color has-text-color has-link-color has-medium-font-size wp-elements-4785f49214ec65c366aa992f3beccbc4\"><strong>How can you configure or disable cookies?<\/strong><\/h4>\n\n\n\n<p class=\"has-small-font-size\" style=\"margin-top:12px\">You can allow, block, or delete cookies through your browser settings. Please note that if you block cookies, some website services may not function properly, and your browsing experience could be affected.<\/p>\n\n\n\n<p class=\"has-small-font-size\" style=\"margin-top:12px\">Below, you will find guidance on how to manage cookies in the most common browsers:<\/p>\n\n\n\n<p class=\"has-small-font-size\" style=\"margin-top:12px\">&#8211; <a href=\"https:\/\/support.google.com\/chrome\/answer\/95647?hl=es\" target=\"_blank\" rel=\"noopener\" title=\"Google Chrome\">Google Chrome<\/a><\/p>\n\n\n\n<p class=\"has-small-font-size\" style=\"margin-top:12px\">&#8211; <a href=\"https:\/\/support.microsoft.com\/es-es\/windows\/administrar-cookies-en-microsoft-edge-ver-permitir-bloquear-eliminar-y-usar-168dab11-0753-043d-7c16-ede5947fc64d\" target=\"_blank\" rel=\"noopener\" title=\"Microsoft Edge\">Microsoft Edge<\/a><\/p>\n\n\n\n<p class=\"has-small-font-size\" style=\"margin-top:12px\">&#8211; <a href=\"https:\/\/support.microsoft.com\/es-es\/topic\/c%C3%B3mo-eliminar-archivos-de-cookies-en-internet-explorer-bca9446f-d873-78de-77ba-d42645fa52fc\" target=\"_blank\" rel=\"noopener\" title=\"Internet Explorer\">Internet Explorer<\/a><\/p>\n\n\n\n<p class=\"has-small-font-size\" style=\"margin-top:12px\">&#8211; <a href=\"https:\/\/www.mozilla.org\/es-ES\/privacy\/websites\/#cookies\" target=\"_blank\" rel=\"noopener\" title=\"Mozilla Firefox\">Mozilla Firefox<\/a><\/p>\n\n\n\n<p class=\"has-small-font-size\" style=\"margin-top:12px\">&#8211; <a href=\"https:\/\/support.apple.com\/es-es\/guide\/safari\/sfri11471\/mac\" target=\"_blank\" rel=\"noopener\" title=\"Safari\">Safari<\/a><\/p>\n\n\n\n<p class=\"has-small-font-size\" style=\"margin-top:12px\">&#8211; <a href=\"https:\/\/help.opera.com\/en\/latest\/security-and-privacy\/#clearBrowsingData\" target=\"_blank\" rel=\"noopener\" title=\"Opera\">Opera<\/a><\/p>\n\n\n\n<h4 class=\"wp-block-heading has-secondary-color has-text-color has-link-color has-medium-font-size wp-elements-3920e5f5758e5e001d0f2b99952e0aa8\"><strong>Cookie Policy Updates<\/strong><\/h4>\n\n\n\n<p class=\"has-small-font-size\" style=\"margin-top:12px\"><strong>SOM HABITATGE<\/strong> may update this policy in response to legislative changes, new regulatory interpretations, or technical adjustments. We recommend checking this page regularly to stay informed of any updates.<\/p>\n\n\n\n<h4 class=\"wp-block-heading has-secondary-color has-text-color has-link-color has-medium-font-size wp-elements-8c31498ef9fa99df6dcdf60022aaddb2\"><strong>Protection and Disclosure of Personal Data<\/strong><\/h4>\n\n\n\n<p class=\"has-small-font-size\" style=\"margin-top:12px\"><strong>SOM HABITATGE<\/strong> guarantees that your data will not be shared with third parties without your prior, express, informed, and unambiguous consent, except in the following cases:<\/p>\n\n\n\n<p class=\"has-small-font-size\" style=\"margin-top:12px\">\u2013 When the disclosure is required by law or by a competent authority.<\/p>\n\n\n\n<p class=\"has-small-font-size\" style=\"margin-top:12px\">\u2013 When it is strictly necessary to fulfil contractual obligations.<\/p>\n\n\n\n<p class=\"has-small-font-size\" style=\"margin-top:12px\">In the event of a legal requirement, <strong>SOM HABITATGE<\/strong> may provide personal data to the relevant public authority, by applicable law.<\/p>\n<\/div>\n\n\n\n<p><\/p>","protected":false},"excerpt":{"rendered":"<p>Pol\u00edtica de Cookies Tipus de dades tractades \/ Enlla\u00e7os a altres p\u00e0gines web El lloc web de SOM HABITATGE &#8211; UNI\u00d3 DE PROPIETARIS DE CATALUNYA respecta la teva privacitat. A trav\u00e9s de https:\/\/somhabitatge.com no es recullen ni processen dades personals, excepte les obtingudes mitjan\u00e7ant formularis de contacte i cookies, tal com s&#8217;explica en aquesta pol\u00edtica. [&hellip;]<\/p>\n","protected":false},"author":1,"featured_media":0,"parent":0,"menu_order":0,"comment_status":"closed","ping_status":"closed","template":"","meta":{"footnotes":""},"class_list":["post-586","page","type-page","status-publish","hentry"],"aioseo_notices":[],"_links":{"self":[{"href":"https:\/\/somhabitatge.com\/en\/wp-json\/wp\/v2\/pages\/586","targetHints":{"allow":["GET"]}}],"collection":[{"href":"https:\/\/somhabitatge.com\/en\/wp-json\/wp\/v2\/pages"}],"about":[{"href":"https:\/\/somhabitatge.com\/en\/wp-json\/wp\/v2\/types\/page"}],"author":[{"embeddable":true,"href":"https:\/\/somhabitatge.com\/en\/wp-json\/wp\/v2\/users\/1"}],"replies":[{"embeddable":true,"href":"https:\/\/somhabitatge.com\/en\/wp-json\/wp\/v2\/comments?post=586"}],"version-history":[{"count":5,"href":"https:\/\/somhabitatge.com\/en\/wp-json\/wp\/v2\/pages\/586\/revisions"}],"predecessor-version":[{"id":619,"href":"https:\/\/somhabitatge.com\/en\/wp-json\/wp\/v2\/pages\/586\/revisions\/619"}],"wp:attachment":[{"href":"https:\/\/somhabitatge.com\/en\/wp-json\/wp\/v2\/media?parent=586"}],"curies":[{"name":"wp","href":"https:\/\/api.w.org\/{rel}","templated":true}]}}